{"id":15169,"date":"2016-12-15T22:54:03","date_gmt":"2016-12-15T21:54:03","guid":{"rendered":"http:\/\/www.idea-distillers.de\/?page_id=15169\/"},"modified":"2019-04-02T10:01:43","modified_gmt":"2019-04-02T08:01:43","slug":"working-jointly-for-greater-success","status":"publish","type":"page","link":"https:\/\/www.idea-distillers.de\/en\/working-jointly-for-greater-success\/","title":{"rendered":"Working jointly for greater success"},"content":{"rendered":"<div class=\"wpb-content-wrapper\"><p>[vc_row][vc_column][vc_column_text]<\/p>\n<h3 style=\"text-align: center;\">WE BURN FOR HIGH-PROOF SPIRITS<\/h3>\n<p style=\"text-align: center;\">As communication experts, we support you in your marketing, communication and sales efforts. As fine spirits sommeliers, we burn for high-proof spirits. From brand concepts to the implementation of complete campaigns \u2013 for your premium spirits, we deliver ideas that make a difference. We are the Idea Distillers.<\/p>\n<p>[\/vc_column_text][vc_row_inner][vc_column_inner]<div class=\"wf-container loading-effect-fade-in iso-grid description-under-image content-align-centre\" data-padding=\"20px\" data-cur-page=\"1\" data-width=\"200px\" data-columns=\"3\"><div class=\"wf-cell\" data-post-id=\"15162\" data-date=\"2016-12-15T21:58:29+01:00\" data-name=\"Simon Weiss\">\n\t<div class=\"team-container post-15162 dt_team type-dt_team status-publish has-post-thumbnail hentry dt_team_category-idea-distillers dt_team_category-53 description-off\">\n\n\t\t<div class=\"team-media\"><a href=\"https:\/\/www.idea-distillers.de\/en\/idea_team\/simon-weiss\/\" class=\"rollover layzr-bg\"><img fetchpriority=\"high\" decoding=\"async\" class=\"preload-me iso-lazy-load aspect\" src=\"data:image\/svg+xml,%3Csvg%20xmlns%3D&#39;http%3A%2F%2Fwww.w3.org%2F2000%2Fsvg&#39;%20viewBox%3D&#39;0%200%20300%20300&#39;%2F%3E\" data-src=\"https:\/\/www.idea-distillers.de\/wp-content\/uploads\/2014\/03\/simon-300x300.jpg\" data-srcset=\"https:\/\/www.idea-distillers.de\/wp-content\/uploads\/2014\/03\/simon-300x300.jpg 300w, https:\/\/www.idea-distillers.de\/wp-content\/uploads\/2014\/03\/simon-600x600.jpg 600w\" loading=\"eager\" style=\"--ratio: 300 \/ 300\" sizes=\"(max-width: 300px) 100vw, 300px\" width=\"300\" height=\"300\"  title=\"Profilbild von Simon Wei\u00df &#8211; Gesch\u00e4ftsf\u00fchrer der Idea Distillers. \u00a9 2016 Idea Distillers GmbH\" alt=\"Profilbild von Simon Wei\u00df - Gesch\u00e4ftsf\u00fchrer der Idea Distillers.\" \/><\/a><\/div>\n\t\t<div class=\"team-desc\">\n\n\t\t\t<div class=\"team-author\"><div class=\"team-author-name\"><a href=\"https:\/\/www.idea-distillers.de\/en\/idea_team\/simon-weiss\/\">Simon Weiss<\/a><\/div><p>Founder<br>\r\n<a href=\"\/en\/idea_team\/simon-weiss\/\">ACCESS PROFILE<\/a><\/p><\/div>\n\t\t<\/div>\n\t<\/div><\/div><div class=\"wf-cell\" data-post-id=\"15163\" data-date=\"2016-12-15T22:05:28+01:00\" data-name=\"Christian Schrade\">\n\t<div class=\"team-container post-15163 dt_team type-dt_team status-publish has-post-thumbnail hentry dt_team_category-idea-distillers dt_team_category-53 description-off\">\n\n\t\t<div class=\"team-media\"><a href=\"https:\/\/www.idea-distillers.de\/en\/idea_team\/christian-schrade\/\" class=\"rollover layzr-bg\"><img decoding=\"async\" class=\"preload-me iso-lazy-load aspect\" src=\"data:image\/svg+xml,%3Csvg%20xmlns%3D&#39;http%3A%2F%2Fwww.w3.org%2F2000%2Fsvg&#39;%20viewBox%3D&#39;0%200%20300%20300&#39;%2F%3E\" data-src=\"https:\/\/www.idea-distillers.de\/wp-content\/uploads\/2014\/03\/christian-300x300.jpg\" data-srcset=\"https:\/\/www.idea-distillers.de\/wp-content\/uploads\/2014\/03\/christian-300x300.jpg 300w, https:\/\/www.idea-distillers.de\/wp-content\/uploads\/2014\/03\/christian-600x600.jpg 600w\" loading=\"eager\" style=\"--ratio: 300 \/ 300\" sizes=\"(max-width: 300px) 100vw, 300px\" width=\"300\" height=\"300\"  title=\"Profilbild von Christian Schrade &#8211; Gesch\u00e4ftsf\u00fchrer der Idea Distillers \u00a9 2016 Idea Distillers GmbH\" alt=\"Profilbild von Christian Schrade - Gesch\u00e4ftsf\u00fchrer der Idea Distillers\" \/><\/a><\/div>\n\t\t<div class=\"team-desc\">\n\n\t\t\t<div class=\"team-author\"><div class=\"team-author-name\"><a href=\"https:\/\/www.idea-distillers.de\/en\/idea_team\/christian-schrade\/\">Christian Schrade<\/a><\/div><p>Founder<br>\r\n<a href=\"\/en\/idea_team\/christian-schrade\/\">ACCESS PROFILE<\/a><\/p><\/div>\n\t\t<\/div>\n\t<\/div><\/div><\/div>[\/vc_column_inner][\/vc_row_inner][\/vc_column][\/vc_row][vc_row][vc_column][vc_column_text]<\/p>\n<h3 style=\"text-align: center;\">SUPPORT YOUR SUCCESS: OUR PARTNER NETWORK<\/h3>\n<p style=\"text-align: center;\">We have been successfully collaborating with our partners for years. We value their opinions and their expertise. And, when the time comes to design a whisky logo, to put a bottle of rum into the spotlight for an advert or to program a website, our partners also become idea distillers \u2013 just like us.<\/p>\n<p>[\/vc_column_text][\/vc_column][\/vc_row]<\/p>\n<\/div>","protected":false},"excerpt":{"rendered":"<p>[vc_row][vc_column][vc_column_text] WE BURN FOR HIGH-PROOF SPIRITS As communication experts, we support you in your marketing, communication and sales efforts. As fine spirits sommeliers, we burn for high-proof spirits. From brand concepts to the implementation of complete campaigns \u2013 for your premium spirits, we deliver ideas that make a difference. We are the Idea Distillers. [\/vc_column_text][vc_row_inner][vc_column_inner][\/vc_column_inner][\/vc_row_inner][\/vc_column][\/vc_row][vc_row][vc_column][vc_column_text]&hellip;<\/p>\n","protected":false},"author":1,"featured_media":0,"parent":0,"menu_order":100,"comment_status":"closed","ping_status":"closed","template":"template-team.php","meta":{"footnotes":""},"class_list":["post-15169","page","type-page","status-publish","hentry","description-off"],"yoast_head":"<!-- This site is optimized with the Yoast SEO plugin v25.2 - https:\/\/yoast.com\/wordpress\/plugins\/seo\/ -->\n<title>Working jointly for greater success - Idea Distillers<\/title>\n<meta name=\"robots\" content=\"index, follow, max-snippet:-1, max-image-preview:large, max-video-preview:-1\" \/>\n<link rel=\"canonical\" href=\"https:\/\/www.idea-distillers.de\/koepfe\/\" \/>\n<meta property=\"og:locale\" content=\"en_US\" \/>\n<meta property=\"og:type\" content=\"article\" \/>\n<meta property=\"og:title\" content=\"Working jointly for greater success - Idea Distillers\" \/>\n<meta property=\"og:description\" content=\"[vc_row][vc_column][vc_column_text] WE BURN FOR HIGH-PROOF SPIRITS As communication experts, we support you in your marketing, communication and sales efforts. As fine spirits sommeliers, we burn for high-proof spirits. From brand concepts to the implementation of complete campaigns \u2013 for your premium spirits, we deliver ideas that make a difference. We are the Idea Distillers. [\/vc_column_text][vc_row_inner][vc_column_inner][\/vc_column_inner][\/vc_row_inner][\/vc_column][\/vc_row][vc_row][vc_column][vc_column_text]&hellip;\" \/>\n<meta property=\"og:url\" content=\"https:\/\/www.idea-distillers.de\/koepfe\/\" \/>\n<meta property=\"og:site_name\" content=\"Idea Distillers\" \/>\n<meta property=\"article:modified_time\" content=\"2019-04-02T08:01:43+00:00\" \/>\n<meta name=\"twitter:card\" content=\"summary_large_image\" \/>\n<meta name=\"twitter:label1\" content=\"Est. reading time\" \/>\n\t<meta name=\"twitter:data1\" content=\"1 minute\" \/>\n<script type=\"application\/ld+json\" class=\"yoast-schema-graph\">{\"@context\":\"https:\/\/schema.org\",\"@graph\":[{\"@type\":\"WebPage\",\"@id\":\"https:\/\/www.idea-distillers.de\/koepfe\/\",\"url\":\"https:\/\/www.idea-distillers.de\/koepfe\/\",\"name\":\"Working jointly for greater success - Idea Distillers\",\"isPartOf\":{\"@id\":\"https:\/\/www.idea-distillers.de\/#website\"},\"datePublished\":\"2016-12-15T21:54:03+00:00\",\"dateModified\":\"2019-04-02T08:01:43+00:00\",\"breadcrumb\":{\"@id\":\"https:\/\/www.idea-distillers.de\/koepfe\/#breadcrumb\"},\"inLanguage\":\"en-US\",\"potentialAction\":[{\"@type\":\"ReadAction\",\"target\":[\"https:\/\/www.idea-distillers.de\/koepfe\/\"]}]},{\"@type\":\"BreadcrumbList\",\"@id\":\"https:\/\/www.idea-distillers.de\/koepfe\/#breadcrumb\",\"itemListElement\":[{\"@type\":\"ListItem\",\"position\":1,\"name\":\"Startseite\",\"item\":\"https:\/\/www.idea-distillers.de\/\"},{\"@type\":\"ListItem\",\"position\":2,\"name\":\"Working jointly for greater success\"}]},{\"@type\":\"WebSite\",\"@id\":\"https:\/\/www.idea-distillers.de\/#website\",\"url\":\"https:\/\/www.idea-distillers.de\/\",\"name\":\"Idea Distillers\",\"description\":\"Spirit for your Spirits\",\"publisher\":{\"@id\":\"https:\/\/www.idea-distillers.de\/#organization\"},\"potentialAction\":[{\"@type\":\"SearchAction\",\"target\":{\"@type\":\"EntryPoint\",\"urlTemplate\":\"https:\/\/www.idea-distillers.de\/?s={search_term_string}\"},\"query-input\":{\"@type\":\"PropertyValueSpecification\",\"valueRequired\":true,\"valueName\":\"search_term_string\"}}],\"inLanguage\":\"en-US\"},{\"@type\":\"Organization\",\"@id\":\"https:\/\/www.idea-distillers.de\/#organization\",\"name\":\"Idea Distillers GmbH\",\"url\":\"https:\/\/www.idea-distillers.de\/\",\"logo\":{\"@type\":\"ImageObject\",\"inLanguage\":\"en-US\",\"@id\":\"https:\/\/www.idea-distillers.de\/#\/schema\/logo\/image\/\",\"url\":\"https:\/\/www.idea-distillers.de\/wp-content\/uploads\/2016\/11\/idea-distiller-mobile.png\",\"contentUrl\":\"https:\/\/www.idea-distillers.de\/wp-content\/uploads\/2016\/11\/idea-distiller-mobile.png\",\"width\":103,\"height\":50,\"caption\":\"Idea Distillers GmbH\"},\"image\":{\"@id\":\"https:\/\/www.idea-distillers.de\/#\/schema\/logo\/image\/\"}}]}<\/script>\n<!-- \/ Yoast SEO plugin. -->","yoast_head_json":{"title":"Working jointly for greater success - Idea Distillers","robots":{"index":"index","follow":"follow","max-snippet":"max-snippet:-1","max-image-preview":"max-image-preview:large","max-video-preview":"max-video-preview:-1"},"canonical":"https:\/\/www.idea-distillers.de\/koepfe\/","og_locale":"en_US","og_type":"article","og_title":"Working jointly for greater success - Idea Distillers","og_description":"[vc_row][vc_column][vc_column_text] WE BURN FOR HIGH-PROOF SPIRITS As communication experts, we support you in your marketing, communication and sales efforts. As fine spirits sommeliers, we burn for high-proof spirits. From brand concepts to the implementation of complete campaigns \u2013 for your premium spirits, we deliver ideas that make a difference. We are the Idea Distillers. [\/vc_column_text][vc_row_inner][vc_column_inner][\/vc_column_inner][\/vc_row_inner][\/vc_column][\/vc_row][vc_row][vc_column][vc_column_text]&hellip;","og_url":"https:\/\/www.idea-distillers.de\/koepfe\/","og_site_name":"Idea Distillers","article_modified_time":"2019-04-02T08:01:43+00:00","twitter_card":"summary_large_image","twitter_misc":{"Est. reading time":"1 minute"},"schema":{"@context":"https:\/\/schema.org","@graph":[{"@type":"WebPage","@id":"https:\/\/www.idea-distillers.de\/koepfe\/","url":"https:\/\/www.idea-distillers.de\/koepfe\/","name":"Working jointly for greater success - Idea Distillers","isPartOf":{"@id":"https:\/\/www.idea-distillers.de\/#website"},"datePublished":"2016-12-15T21:54:03+00:00","dateModified":"2019-04-02T08:01:43+00:00","breadcrumb":{"@id":"https:\/\/www.idea-distillers.de\/koepfe\/#breadcrumb"},"inLanguage":"en-US","potentialAction":[{"@type":"ReadAction","target":["https:\/\/www.idea-distillers.de\/koepfe\/"]}]},{"@type":"BreadcrumbList","@id":"https:\/\/www.idea-distillers.de\/koepfe\/#breadcrumb","itemListElement":[{"@type":"ListItem","position":1,"name":"Startseite","item":"https:\/\/www.idea-distillers.de\/"},{"@type":"ListItem","position":2,"name":"Working jointly for greater success"}]},{"@type":"WebSite","@id":"https:\/\/www.idea-distillers.de\/#website","url":"https:\/\/www.idea-distillers.de\/","name":"Idea Distillers","description":"Spirit for your Spirits","publisher":{"@id":"https:\/\/www.idea-distillers.de\/#organization"},"potentialAction":[{"@type":"SearchAction","target":{"@type":"EntryPoint","urlTemplate":"https:\/\/www.idea-distillers.de\/?s={search_term_string}"},"query-input":{"@type":"PropertyValueSpecification","valueRequired":true,"valueName":"search_term_string"}}],"inLanguage":"en-US"},{"@type":"Organization","@id":"https:\/\/www.idea-distillers.de\/#organization","name":"Idea Distillers GmbH","url":"https:\/\/www.idea-distillers.de\/","logo":{"@type":"ImageObject","inLanguage":"en-US","@id":"https:\/\/www.idea-distillers.de\/#\/schema\/logo\/image\/","url":"https:\/\/www.idea-distillers.de\/wp-content\/uploads\/2016\/11\/idea-distiller-mobile.png","contentUrl":"https:\/\/www.idea-distillers.de\/wp-content\/uploads\/2016\/11\/idea-distiller-mobile.png","width":103,"height":50,"caption":"Idea Distillers GmbH"},"image":{"@id":"https:\/\/www.idea-distillers.de\/#\/schema\/logo\/image\/"}}]}},"_links":{"self":[{"href":"https:\/\/www.idea-distillers.de\/en\/wp-json\/wp\/v2\/pages\/15169","targetHints":{"allow":["GET"]}}],"collection":[{"href":"https:\/\/www.idea-distillers.de\/en\/wp-json\/wp\/v2\/pages"}],"about":[{"href":"https:\/\/www.idea-distillers.de\/en\/wp-json\/wp\/v2\/types\/page"}],"author":[{"embeddable":true,"href":"https:\/\/www.idea-distillers.de\/en\/wp-json\/wp\/v2\/users\/1"}],"replies":[{"embeddable":true,"href":"https:\/\/www.idea-distillers.de\/en\/wp-json\/wp\/v2\/comments?post=15169"}],"version-history":[{"count":0,"href":"https:\/\/www.idea-distillers.de\/en\/wp-json\/wp\/v2\/pages\/15169\/revisions"}],"wp:attachment":[{"href":"https:\/\/www.idea-distillers.de\/en\/wp-json\/wp\/v2\/media?parent=15169"}],"curies":[{"name":"wp","href":"https:\/\/api.w.org\/{rel}","templated":true}]}}